{"id":82854,"date":"2015-05-28T11:30:14","date_gmt":"2015-05-28T09:30:14","guid":{"rendered":"https:\/\/www.logtravi.com\/classic-business\/"},"modified":"2021-12-03T09:42:31","modified_gmt":"2021-12-03T07:42:31","slug":"classic-business","status":"publish","type":"page","link":"https:\/\/www.logtravi.com\/ca\/","title":{"rendered":"Inici"},"content":{"rendered":"<div class=\"wpb-content-wrapper\"><p>[vc_row row_height_percent=&#8221;35&#8243; override_padding=&#8221;yes&#8221; h_padding=&#8221;2&#8243; top_padding=&#8221;2&#8243; bottom_padding=&#8221;0&#8243; overlay_alpha=&#8221;50&#8243; gutter_size=&#8221;4&#8243; column_width_percent=&#8221;100&#8243; shift_y=&#8221;0&#8243; z_index=&#8221;0&#8243;][vc_column column_width_percent=&#8221;100&#8243; position_horizontal=&#8221;left&#8221; position_vertical=&#8221;middle&#8221; gutter_size=&#8221;3&#8243; overlay_alpha=&#8221;50&#8243; shift_x=&#8221;0&#8243; shift_y=&#8221;0&#8243; shift_y_down=&#8221;0&#8243; z_index=&#8221;0&#8243; medium_width=&#8221;0&#8243; mobile_width=&#8221;0&#8243; zoom_width=&#8221;0&#8243; zoom_height=&#8221;0&#8243; width=&#8221;1\/1&#8243;][vc_custom_heading heading_semantic=&#8221;h1&#8243; text_size=&#8221;h1&#8243; css_animation=&#8221;left-t-right&#8221;]Benvinguts a Logtravi[\/vc_custom_heading][vc_column_text]Logtravi \u00e9s una empresa especialitzada en serveis de <strong>log\u00edstica<\/strong> i tot tipus de <strong>transport local, nacional i internacional<\/strong>. M\u00e9s de 20 anys d&#8217;experi\u00e8ncia i 1000 clients satisfets, tant petites com grans empreses, avalen la seva traject\u00f2ria des de 1992 al sector de l&#8217;transport i distribuci\u00f3. Compta amb una \u00e0mplia flota pr\u00f2pia de vehicles que faran arribar la seva mercaderia a la destinaci\u00f3 indicada de forma r\u00e0pida i segura.[\/vc_column_text][vc_custom_heading text_size=&#8221;h1&#8243; css_animation=&#8221;left-t-right&#8221;]Els nostres serveis[\/vc_custom_heading][\/vc_column][\/vc_row][vc_row row_height_percent=&#8221;35&#8243; override_padding=&#8221;yes&#8221; h_padding=&#8221;2&#8243; top_padding=&#8221;2&#8243; bottom_padding=&#8221;2&#8243; overlay_alpha=&#8221;50&#8243; gutter_size=&#8221;4&#8243; column_width_percent=&#8221;100&#8243; shift_y=&#8221;0&#8243; z_index=&#8221;0&#8243;][vc_column column_width_percent=&#8221;100&#8243; position_horizontal=&#8221;left&#8221; position_vertical=&#8221;middle&#8221; gutter_size=&#8221;3&#8243; overlay_alpha=&#8221;50&#8243; shift_x=&#8221;0&#8243; shift_y=&#8221;0&#8243; shift_y_down=&#8221;0&#8243; z_index=&#8221;0&#8243; medium_width=&#8221;0&#8243; mobile_width=&#8221;0&#8243; zoom_width=&#8221;0&#8243; zoom_height=&#8221;0&#8243; width=&#8221;1\/1&#8243;][vc_row_inner limit_content=&#8221;&#8221;][vc_column_inner column_width_percent=&#8221;100&#8243; gutter_size=&#8221;3&#8243; overlay_alpha=&#8221;50&#8243; shift_x=&#8221;0&#8243; shift_y=&#8221;0&#8243; shift_y_down=&#8221;0&#8243; z_index=&#8221;0&#8243; medium_width=&#8221;3&#8243; mobile_width=&#8221;0&#8243; width=&#8221;1\/3&#8243;][vc_single_image media=&#8221;82644&#8243; media_width_percent=&#8221;100&#8243; media_link=&#8221;url:https%3A%2F%2Fwww.logtravi.com%2Fca%2Fdistribucio%2F|title:Distribuci%C3%B3&#8243;][vc_icon position=&#8221;left&#8221; title_aligned_icon=&#8221;yes&#8221; icon=&#8221;fa fa-dropbox&#8221; icon_color=&#8221;accent&#8221; size=&#8221;fa-3x&#8221; text_weight=&#8221;300&#8243; add_margin=&#8221;yes&#8221; title=&#8221;Distribuci\u00f3&#8221;]Logtravi ofereix una oferta global de serveis en log\u00edstica, transport i distribuci\u00f3.<\/p>\n<p>[\/vc_icon][\/vc_column_inner][vc_column_inner column_width_percent=&#8221;100&#8243; gutter_size=&#8221;3&#8243; overlay_alpha=&#8221;50&#8243; shift_x=&#8221;0&#8243; shift_y=&#8221;0&#8243; shift_y_down=&#8221;0&#8243; z_index=&#8221;0&#8243; medium_width=&#8221;3&#8243; mobile_width=&#8221;0&#8243; width=&#8221;1\/3&#8243;][vc_single_image media=&#8221;82645&#8243; media_width_percent=&#8221;100&#8243; media_link=&#8221;url:https%3A%2F%2Fwww.logtravi.com%2Fca%2Ftransport%2F|title:Transport&#8221;][vc_icon position=&#8221;left&#8221; title_aligned_icon=&#8221;yes&#8221; icon=&#8221;fa fa-truck&#8221; icon_color=&#8221;accent&#8221; size=&#8221;fa-3x&#8221; text_weight=&#8221;300&#8243; add_margin=&#8221;yes&#8221; title=&#8221;Transport&#8221;]Com a empresa de transport terrestre, disposa de serveis nacionals com internacionals.<\/p>\n<p>[\/vc_icon][\/vc_column_inner][vc_column_inner column_width_percent=&#8221;100&#8243; gutter_size=&#8221;3&#8243; overlay_alpha=&#8221;50&#8243; shift_x=&#8221;0&#8243; shift_y=&#8221;0&#8243; shift_y_down=&#8221;0&#8243; z_index=&#8221;0&#8243; medium_width=&#8221;3&#8243; mobile_width=&#8221;0&#8243; width=&#8221;1\/3&#8243;][vc_single_image media=&#8221;82688&#8243; media_width_percent=&#8221;100&#8243; media_link=&#8221;url:https%3A%2F%2Fwww.logtravi.com%2Fca%2Fmotocicletes%2F|title:Motocicletes&#8221;][vc_icon position=&#8221;left&#8221; title_aligned_icon=&#8221;yes&#8221; icon=&#8221;fa fa-motorcycle&#8221; icon_color=&#8221;accent&#8221; size=&#8221;fa-3x&#8221; text_weight=&#8221;300&#8243; add_margin=&#8221;yes&#8221; title=&#8221;Motocicletes&#8221;]Compta amb una llarga experi\u00e8ncia en el sector de l&#8217;emmagatzematge i distribuci\u00f3 de motocicletes.<\/p>\n<p>[\/vc_icon][\/vc_column_inner][\/vc_row_inner][vc_empty_space empty_h=&#8221;5&#8243; desktop_visibility=&#8221;yes&#8221;][\/vc_column][\/vc_row][vc_row row_height_percent=&#8221;0&#8243; override_padding=&#8221;yes&#8221; h_padding=&#8221;2&#8243; top_padding=&#8221;2&#8243; bottom_padding=&#8221;6&#8243; back_color=&#8221;color-lxmt&#8221; overlay_alpha=&#8221;50&#8243; gutter_size=&#8221;3&#8243; column_width_percent=&#8221;100&#8243; shift_y=&#8221;0&#8243; z_index=&#8221;5&#8243;][vc_column column_width_percent=&#8221;100&#8243; gutter_size=&#8221;3&#8243; overlay_alpha=&#8221;50&#8243; shift_x=&#8221;0&#8243; shift_y=&#8221;0&#8243; shift_y_down=&#8221;-5&#8243; shift_y_down_fixed=&#8221;yes&#8221; z_index=&#8221;0&#8243; medium_width=&#8221;0&#8243; mobile_width=&#8221;0&#8243; width=&#8221;1\/1&#8243;][vc_row_inner row_inner_height_percent=&#8221;0&#8243; overlay_alpha=&#8221;50&#8243; gutter_size=&#8221;0&#8243; shift_y=&#8221;0&#8243; z_index=&#8221;0&#8243; limit_content=&#8221;&#8221;][vc_column_inner column_width_use_pixel=&#8221;yes&#8221; align_horizontal=&#8221;align_center&#8221; gutter_size=&#8221;3&#8243; overlay_alpha=&#8221;50&#8243; shift_x=&#8221;0&#8243; shift_y=&#8221;0&#8243; shift_y_down=&#8221;0&#8243; z_index=&#8221;0&#8243; medium_width=&#8221;0&#8243; mobile_width=&#8221;0&#8243; width=&#8221;1\/1&#8243; column_width_pixel=&#8221;640&#8243;][vc_custom_heading text_size=&#8221;h1&#8243; text_weight=&#8221;300&#8243; subheading=&#8221;Confianza sobre ruedas&#8221;]Serveis de log\u00edstica i transports[\/vc_custom_heading][\/vc_column_inner][\/vc_row_inner][\/vc_column][\/vc_row][vc_row row_height_percent=&#8221;0&#8243; back_color=&#8221;color-rgdb&#8221; overlay_alpha=&#8221;50&#8243; gutter_size=&#8221;3&#8243; column_width_percent=&#8221;100&#8243; shift_y=&#8221;0&#8243; z_index=&#8221;0&#8243; top_divider=&#8221;triangle&#8221;][vc_column column_width_percent=&#8221;100&#8243; gutter_size=&#8221;3&#8243; overlay_alpha=&#8221;50&#8243; shift_x=&#8221;0&#8243; shift_y=&#8221;0&#8243; shift_y_down=&#8221;0&#8243; z_index=&#8221;0&#8243; medium_width=&#8221;0&#8243; mobile_width=&#8221;0&#8243; width=&#8221;1\/1&#8243;][vc_row_inner row_inner_height_percent=&#8221;0&#8243; overlay_alpha=&#8221;50&#8243; gutter_size=&#8221;3&#8243; shift_y=&#8221;0&#8243; z_index=&#8221;0&#8243; limit_content=&#8221;&#8221;][vc_column_inner column_width_percent=&#8221;100&#8243; align_horizontal=&#8221;align_center&#8221; gutter_size=&#8221;2&#8243; style=&#8221;dark&#8221; overlay_alpha=&#8221;50&#8243; shift_x=&#8221;0&#8243; shift_y=&#8221;0&#8243; shift_y_down=&#8221;0&#8243; z_index=&#8221;0&#8243; medium_width=&#8221;2&#8243; mobile_width=&#8221;4&#8243; width=&#8221;1\/4&#8243;][uncode_counter value=&#8221;4.000&#8243; size=&#8221;h2&#8243; weight=&#8221;300&#8243; dimension=&#8221;h1&#8243; suffix=&#8221;m2&#8243;][vc_custom_heading heading_semantic=&#8221;h6&#8243; text_size=&#8221;&#8221; text_transform=&#8221;uppercase&#8221;]de campas[\/vc_custom_heading][\/vc_column_inner][vc_column_inner column_width_percent=&#8221;100&#8243; align_horizontal=&#8221;align_center&#8221; gutter_size=&#8221;2&#8243; style=&#8221;dark&#8221; overlay_alpha=&#8221;50&#8243; shift_x=&#8221;0&#8243; shift_y=&#8221;0&#8243; shift_y_down=&#8221;0&#8243; z_index=&#8221;0&#8243; medium_width=&#8221;2&#8243; mobile_width=&#8221;4&#8243; width=&#8221;1\/4&#8243;][uncode_counter value=&#8221;1.400&#8243; size=&#8221;h2&#8243; weight=&#8221;300&#8243; dimension=&#8221;h1&#8243; suffix=&#8221;m2&#8243;][vc_custom_heading heading_semantic=&#8221;h6&#8243; text_size=&#8221;&#8221; text_transform=&#8221;uppercase&#8221;]de magatzems[\/vc_custom_heading][\/vc_column_inner][vc_column_inner column_width_percent=&#8221;100&#8243; align_horizontal=&#8221;align_center&#8221; gutter_size=&#8221;2&#8243; style=&#8221;dark&#8221; overlay_alpha=&#8221;50&#8243; shift_x=&#8221;0&#8243; shift_y=&#8221;0&#8243; shift_y_down=&#8221;0&#8243; z_index=&#8221;0&#8243; medium_width=&#8221;2&#8243; mobile_width=&#8221;4&#8243; width=&#8221;1\/4&#8243;][uncode_counter value=&#8221;170&#8243; size=&#8221;h2&#8243; weight=&#8221;300&#8243; dimension=&#8221;h1&#8243;][vc_custom_heading heading_semantic=&#8221;h6&#8243; text_size=&#8221;&#8221; text_transform=&#8221;uppercase&#8221;]Treballadors[\/vc_custom_heading][\/vc_column_inner][vc_column_inner column_width_percent=&#8221;100&#8243; align_horizontal=&#8221;align_center&#8221; gutter_size=&#8221;2&#8243; style=&#8221;dark&#8221; overlay_alpha=&#8221;50&#8243; shift_x=&#8221;0&#8243; shift_y=&#8221;0&#8243; shift_y_down=&#8221;0&#8243; z_index=&#8221;0&#8243; medium_width=&#8221;2&#8243; mobile_width=&#8221;4&#8243; width=&#8221;1\/4&#8243;][uncode_counter value=&#8221;1.000&#8243; prefix=&#8221;+&#8221; size=&#8221;h2&#8243; weight=&#8221;300&#8243; dimension=&#8221;h1&#8243;][vc_custom_heading heading_semantic=&#8221;h6&#8243; text_size=&#8221;&#8221; text_transform=&#8221;uppercase&#8221;]Clients satisfets[\/vc_custom_heading][\/vc_column_inner][\/vc_row_inner][\/vc_column][\/vc_row][vc_row row_height_percent=&#8221;0&#8243; override_padding=&#8221;yes&#8221; h_padding=&#8221;2&#8243; top_padding=&#8221;5&#8243; bottom_padding=&#8221;5&#8243; overlay_alpha=&#8221;50&#8243; gutter_size=&#8221;4&#8243; column_width_percent=&#8221;100&#8243; shift_y=&#8221;0&#8243; z_index=&#8221;0&#8243;][vc_column column_width_percent=&#8221;100&#8243; gutter_size=&#8221;2&#8243; overlay_alpha=&#8221;50&#8243; shift_x=&#8221;0&#8243; shift_y=&#8221;0&#8243; shift_y_down=&#8221;0&#8243; z_index=&#8221;0&#8243; medium_width=&#8221;0&#8243; mobile_width=&#8221;0&#8243; width=&#8221;1\/1&#8243;][vc_row_inner limit_content=&#8221;&#8221;][vc_column_inner column_width_percent=&#8221;100&#8243; gutter_size=&#8221;2&#8243; overlay_alpha=&#8221;50&#8243; shift_x=&#8221;0&#8243; shift_y=&#8221;0&#8243; shift_y_down=&#8221;0&#8243; z_index=&#8221;0&#8243; medium_width=&#8221;0&#8243; align_mobile=&#8221;align_center_mobile&#8221; mobile_width=&#8221;0&#8243; width=&#8221;4\/12&#8243;][vc_custom_heading text_size=&#8221;h1&#8243; text_weight=&#8221;300&#8243;]Noticies[\/vc_custom_heading][vc_empty_space empty_h=&#8221;1&#8243; desktop_visibility=&#8221;yes&#8221;][\/vc_column_inner][vc_column_inner column_width_percent=&#8221;100&#8243; gutter_size=&#8221;3&#8243; overlay_alpha=&#8221;50&#8243; shift_x=&#8221;0&#8243; shift_y=&#8221;0&#8243; shift_y_down=&#8221;0&#8243; z_index=&#8221;0&#8243; medium_visibility=&#8221;yes&#8221; medium_width=&#8221;0&#8243; mobile_visibility=&#8221;yes&#8221; mobile_width=&#8221;0&#8243; width=&#8221;2\/12&#8243;][\/vc_column_inner][vc_column_inner column_width_percent=&#8221;100&#8243; gutter_size=&#8221;3&#8243; overlay_alpha=&#8221;50&#8243; shift_x=&#8221;0&#8243; shift_y=&#8221;0&#8243; shift_y_down=&#8221;0&#8243; z_index=&#8221;0&#8243; medium_width=&#8221;0&#8243; align_mobile=&#8221;align_center_mobile&#8221; mobile_width=&#8221;0&#8243; width=&#8221;6\/12&#8243;][vc_column_text]Not\u00edcies i informaci\u00f3 del Transport de Mercaderies per carretera i log\u00edstica. Serveis de log\u00edstica i transports.[\/vc_column_text][\/vc_column_inner][\/vc_row_inner][vc_empty_space empty_h=&#8221;2&#8243;][vc_row_inner limit_content=&#8221;&#8221;][vc_column_inner column_width_percent=&#8221;100&#8243; gutter_size=&#8221;3&#8243; overlay_alpha=&#8221;50&#8243; shift_x=&#8221;0&#8243; shift_y=&#8221;0&#8243; shift_y_down=&#8221;0&#8243; z_index=&#8221;0&#8243; medium_width=&#8221;2&#8243; mobile_width=&#8221;4&#8243; width=&#8221;1\/4&#8243;][uncode_index el_id=&#8221;index-176707&#8243; index_type=&#8221;carousel&#8221; carousel_lg=&#8221;3&#8243; carousel_md=&#8221;3&#8243; carousel_sm=&#8221;1&#8243; thumb_size=&#8221;twentyone-nine&#8221; gutter_size=&#8221;0&#8243; post_items=&#8221;media|featured|onpost|original,title,text|excerpt&#8221; carousel_interval=&#8221;3000&#8243; carousel_navspeed=&#8221;400&#8243; stage_padding=&#8221;0&#8243; single_overlay_opacity=&#8221;50&#8243; single_padding=&#8221;2&#8243;][\/vc_column_inner][\/vc_row_inner][\/vc_column][\/vc_row]<\/p>\n<\/div>","protected":false},"excerpt":{"rendered":"<p>[vc_row row_height_percent=&#8221;35&#8243; override_padding=&#8221;yes&#8221; h_padding=&#8221;2&#8243; top_padding=&#8221;2&#8243; bottom_padding=&#8221;0&#8243; overlay_alpha=&#8221;50&#8243; gutter_size=&#8221;4&#8243; column_width_percent=&#8221;100&#8243; shift_y=&#8221;0&#8243; z_index=&#8221;0&#8243;][vc_column column_width_percent=&#8221;100&#8243; position_horizontal=&#8221;left&#8221; position_vertical=&#8221;middle&#8221; gutter_size=&#8221;3&#8243; overlay_alpha=&#8221;50&#8243; shift_x=&#8221;0&#8243; shift_y=&#8221;0&#8243; shift_y_down=&#8221;0&#8243; z_index=&#8221;0&#8243; [&hellip;]<\/p>\n","protected":false},"author":1,"featured_media":82779,"parent":0,"menu_order":0,"comment_status":"closed","ping_status":"closed","template":"","meta":{"footnotes":""},"class_list":["post-82854","page","type-page","status-publish","has-post-thumbnail","hentry"],"_links":{"self":[{"href":"https:\/\/www.logtravi.com\/ca\/wp-json\/wp\/v2\/pages\/82854","targetHints":{"allow":["GET"]}}],"collection":[{"href":"https:\/\/www.logtravi.com\/ca\/wp-json\/wp\/v2\/pages"}],"about":[{"href":"https:\/\/www.logtravi.com\/ca\/wp-json\/wp\/v2\/types\/page"}],"author":[{"embeddable":true,"href":"https:\/\/www.logtravi.com\/ca\/wp-json\/wp\/v2\/users\/1"}],"replies":[{"embeddable":true,"href":"https:\/\/www.logtravi.com\/ca\/wp-json\/wp\/v2\/comments?post=82854"}],"version-history":[{"count":4,"href":"https:\/\/www.logtravi.com\/ca\/wp-json\/wp\/v2\/pages\/82854\/revisions"}],"predecessor-version":[{"id":82933,"href":"https:\/\/www.logtravi.com\/ca\/wp-json\/wp\/v2\/pages\/82854\/revisions\/82933"}],"wp:featuredmedia":[{"embeddable":true,"href":"https:\/\/www.logtravi.com\/ca\/wp-json\/wp\/v2\/media\/82779"}],"wp:attachment":[{"href":"https:\/\/www.logtravi.com\/ca\/wp-json\/wp\/v2\/media?parent=82854"}],"curies":[{"name":"wp","href":"https:\/\/api.w.org\/{rel}","templated":true}]}}