{"id":82871,"date":"2014-12-11T17:50:51","date_gmt":"2014-12-11T16:50:51","guid":{"rendered":"https:\/\/www.logtravi.com\/sobre-logtravi\/"},"modified":"2021-02-17T18:30:30","modified_gmt":"2021-02-17T16:30:30","slug":"sobre-logtravi","status":"publish","type":"page","link":"https:\/\/www.logtravi.com\/ca\/sobre-logtravi\/","title":{"rendered":"Sobre Logtravi"},"content":{"rendered":"<div class=\"wpb-content-wrapper\"><p>[vc_row][vc_column width=&#8221;1\/1&#8243;][\/vc_column][\/vc_row][vc_row][vc_column width=&#8221;1\/2&#8243;][vc_custom_heading]Sobre nosaltres[\/vc_custom_heading][vc_column_text]Des de la seva fundaci\u00f3 fa m\u00e9s de 20 anys, Logtravi es dedica a el negoci de la <strong>log\u00edstica<\/strong> i <strong>transport<\/strong>. El 1992, es va crear l&#8217;empresa, amb seu a Sant Esteve Sesrovires (Barcelona) i especialitzada en serveis log\u00edstics i tot tipus de <strong>transport local, nacional i internacional<\/strong>. Actualment Logtravi compta amb m\u00e9s de 20.000 m2 de magatzems. Les seves instal\u00b7lacions operatives es situen a Abrera (Barcelona) i aquesta present en els principals ports de pa\u00eds. A m\u00e9s gestiona projectes fora d&#8217;Espanya a pa\u00efsos com Portugal, It\u00e0lia, Fran\u00e7a, Alemanya, Anglaterra, Rep\u00fablica Txeca o Romania.[\/vc_column_text][\/vc_column][vc_column width=&#8221;1\/2&#8243;][vc_custom_heading]Experi\u00e8ncia consolidada[\/vc_custom_heading][vc_column_text]Logtravi est\u00e0 orientada a oferir solucions a cada plantejament que, en moltes ocasions, requereixen una resposta m\u00e9s espec\u00edfica. Com a <strong>operador log\u00edstic<\/strong> nacional est\u00e0 especialitzat en sectors com automoci\u00f3, alimentaci\u00f3 o editorial entre d&#8217;altres, aportant la seva experi\u00e8ncia sobretot en mat\u00e8ria de seguretat i tra\u00e7abilitat de les mercaderies.[\/vc_column_text][\/vc_column][\/vc_row][vc_row][vc_column width=&#8221;2\/3&#8243;][vc_custom_heading]Historia[\/vc_custom_heading][vc_column_text]Logtravi porta vint anys aportant solucions a la <strong>log\u00edstica i transport<\/strong> de subministrament industrial. El 1992 comen\u00e7a a prestar els seus serveis a les f\u00e0briques situades a les localitats barcelonines. Als pocs anys ja era prove\u00efdor log\u00edstic i de transport de pr\u00e0cticament la totalitat de les factories de components d&#8217;automoci\u00f3 de la regi\u00f3. Pertany a el grup consignatari Log\u00edstica i Transports Villar, amb seu a Sant Esteve Sesrovires i delegaci\u00f3 a Abrera, Logtravi gestiona a 20.000 m2 una mitjana de 14.000 paletes emmagatzemades, mou 100 camions a el dia i efectua m\u00e9s de 5.000 expedicions di\u00e0ries a tot tipus de destinacions.[\/vc_column_text][\/vc_column][vc_column width=&#8221;1\/3&#8243;][vc_single_image media=&#8221;82624&#8243; media_width_percent=&#8221;100&#8243;][\/vc_column][\/vc_row][vc_row][vc_column width=&#8221;1\/1&#8243;][vc_custom_heading]Dues d\u00e8cades de solucions[\/vc_custom_heading][vc_column_text]Des dels seus inicis Logtravi s&#8217;ha caracteritzat per l&#8217;afany de con\u00e8ixer a la perfecci\u00f3 les t\u00e8cniques de la gesti\u00f3 <strong>log\u00edstica<\/strong>, del <strong>transport<\/strong>, de la <strong>distribuci\u00f3<\/strong> a nivell internacional dels productes i de el desenvolupament tecnol\u00f2gic. Per a la companyia el m\u00e9s important \u00e9s oferir amb els seus serveis de log\u00edstica i transport, <strong>rapidesa<\/strong> i <strong>seguretat<\/strong> en un sol element.[\/vc_column_text][\/vc_column][\/vc_row][vc_row row_height_percent=&#8221;0&#8243; override_padding=&#8221;yes&#8221; h_padding=&#8221;2&#8243; top_padding=&#8221;5&#8243; bottom_padding=&#8221;5&#8243; back_color=&#8221;accent&#8221; back_image=&#8221;23495&#8243; back_position=&#8221;center center&#8221; parallax=&#8221;yes&#8221; overlay_color=&#8221;accent&#8221; overlay_alpha=&#8221;90&#8243; gutter_size=&#8221;100&#8243; shift_y=&#8221;0&#8243; style=&#8221;inherited&#8221;][vc_column column_width_percent=&#8221;100&#8243; position_horizontal=&#8221;left&#8221; align_horizontal=&#8221;align_center&#8221; gutter_size=&#8221;4&#8243; overlay_alpha=&#8221;100&#8243; shift_x=&#8221;0&#8243; shift_y=&#8221;0&#8243; z_index=&#8221;0&#8243; medium_width=&#8221;0&#8243; mobile_width=&#8221;0&#8243; zoom_width=&#8221;0&#8243; zoom_height=&#8221;0&#8243; width=&#8221;1\/1&#8243;][vc_row_inner row_inner_height_percent=&#8221;0&#8243; overlay_alpha=&#8221;100&#8243; gutter_size=&#8221;3&#8243; shift_y=&#8221;0&#8243; limit_content=&#8221;&#8221;][vc_column_inner column_width_use_pixel=&#8221;yes&#8221; align_horizontal=&#8221;align_center&#8221; gutter_size=&#8221;3&#8243; font_family=&#8221;font-134980&#8243; overlay_alpha=&#8221;100&#8243; shift_x=&#8221;0&#8243; shift_y=&#8221;0&#8243; medium_width=&#8221;0&#8243; zoom_width=&#8221;0&#8243; zoom_height=&#8221;0&#8243; width=&#8221;1\/1&#8243; column_width_pixel=&#8221;700&#8243;][vc_custom_heading text_color=&#8221;color-xsdn&#8221; sub_lead=&#8221;yes&#8221; sub_reduced=&#8221;yes&#8221; text_align=&#8221;text-center&#8221;]Equip Hum\u00e0[\/vc_custom_heading][vc_custom_heading heading_semantic=&#8221;p&#8221; text_size=&#8221;&#8221; text_color=&#8221;color-xsdn&#8221; sub_lead=&#8221;yes&#8221; sub_reduced=&#8221;yes&#8221; text_align=&#8221;text-center&#8221;]Una plantilla integrada per 170 treballadors gestiona actualment milers d&#8217;expedicions di\u00e0ries.[\/vc_custom_heading][vc_custom_heading heading_semantic=&#8221;p&#8221; text_size=&#8221;&#8221; text_weight=&#8221;100&#8243; text_color=&#8221;color-xsdn&#8221; sub_lead=&#8221;yes&#8221; sub_reduced=&#8221;yes&#8221; text_align=&#8221;text-center&#8221;]Logtravi disposa d&#8217;un departament propi de R + D integrat per una dotzena de persones, dedicats en exclusiva a el desenvolupament, adaptaci\u00f3 i integraci\u00f3 de sistemes tecnol\u00f2gics. Actualment aquesta gestionant en 20.000 m2 una mitjana de 14.000 paletes emmagatzemades i 150.000 refer\u00e8ncies, mou 100 camions a el dia, at\u00e9n 250 prove\u00efdors de clients i efectua expedicions di\u00e0ries a tot tipus de destinacions. Desenvolupa solucions clau en m\u00e0 per a cada necessitat, que sovint requereixen una resposta espec\u00edfica, moltes vegades sense precedents.[\/vc_custom_heading][\/vc_column_inner][\/vc_row_inner][\/vc_column][\/vc_row][vc_row row_height_percent=&#8221;0&#8243; override_padding=&#8221;yes&#8221; h_padding=&#8221;2&#8243; top_padding=&#8221;0&#8243; bottom_padding=&#8221;0&#8243; overlay_alpha=&#8221;50&#8243; gutter_size=&#8221;3&#8243; column_width_percent=&#8221;100&#8243; shift_y=&#8221;0&#8243; z_index=&#8221;0&#8243;][vc_column column_width_percent=&#8221;100&#8243; align_horizontal=&#8221;align_center&#8221; gutter_size=&#8221;3&#8243; overlay_alpha=&#8221;50&#8243; shift_x=&#8221;0&#8243; shift_y=&#8221;0&#8243; shift_y_down=&#8221;0&#8243; z_index=&#8221;0&#8243; medium_width=&#8221;0&#8243; mobile_width=&#8221;0&#8243; width=&#8221;1\/1&#8243;][\/vc_column][\/vc_row][vc_row row_height_percent=&#8221;0&#8243; override_padding=&#8221;yes&#8221; h_padding=&#8221;2&#8243; top_padding=&#8221;5&#8243; bottom_padding=&#8221;3&#8243; overlay_alpha=&#8221;100&#8243; gutter_size=&#8221;100&#8243; shift_y=&#8221;0&#8243; style=&#8221;inherited&#8221;][vc_column column_width_percent=&#8221;100&#8243; gutter_size=&#8221;3&#8243; overlay_alpha=&#8221;100&#8243; shift_x=&#8221;0&#8243; shift_y=&#8221;0&#8243; medium_width=&#8221;0&#8243; zoom_width=&#8221;0&#8243; zoom_height=&#8221;0&#8243; width=&#8221;1\/1&#8243;][vc_row_inner row_inner_height_percent=&#8221;0&#8243; overlay_alpha=&#8221;100&#8243; gutter_size=&#8221;3&#8243; shift_y=&#8221;0&#8243; limit_content=&#8221;&#8221;][vc_column_inner column_width_use_pixel=&#8221;yes&#8221; align_horizontal=&#8221;align_center&#8221; gutter_size=&#8221;3&#8243; font_family=&#8221;font-134980&#8243; overlay_alpha=&#8221;100&#8243; shift_x=&#8221;0&#8243; shift_y=&#8221;0&#8243; medium_width=&#8221;0&#8243; zoom_width=&#8221;0&#8243; zoom_height=&#8221;0&#8243; width=&#8221;1\/1&#8243; column_width_pixel=&#8221;700&#8243;][vc_custom_heading sub_lead=&#8221;yes&#8221; sub_reduced=&#8221;yes&#8221; text_align=&#8221;text-center&#8221; subheading=&#8221;L&#8217;empresa ha apostat fort per la innovaci\u00f3 tecnol\u00f2gica i el desenvolupament de processos com a factors diferencials. Als seus clients els ofereix la gesti\u00f3 de les seves cadenes de subministrament de forma parcial o completa, incloent qualsevol servei de valor afegit que necessitin.&#8221;]Desenvolupament de processos[\/vc_custom_heading][\/vc_column_inner][\/vc_row_inner][\/vc_column][\/vc_row]<\/p>\n<\/div>","protected":false},"excerpt":{"rendered":"<p>[vc_row][vc_column width=&#8221;1\/1&#8243;][\/vc_column][\/vc_row][vc_row][vc_column width=&#8221;1\/2&#8243;][vc_custom_heading]Sobre nosaltres[\/vc_custom_heading][vc_column_text]Des de la seva fundaci\u00f3 fa m\u00e9s de 20 anys, Logtravi es dedica a el negoci de [&hellip;]<\/p>\n","protected":false},"author":1,"featured_media":0,"parent":0,"menu_order":0,"comment_status":"closed","ping_status":"closed","template":"","meta":{"footnotes":""},"class_list":["post-82871","page","type-page","status-publish","hentry"],"_links":{"self":[{"href":"https:\/\/www.logtravi.com\/ca\/wp-json\/wp\/v2\/pages\/82871","targetHints":{"allow":["GET"]}}],"collection":[{"href":"https:\/\/www.logtravi.com\/ca\/wp-json\/wp\/v2\/pages"}],"about":[{"href":"https:\/\/www.logtravi.com\/ca\/wp-json\/wp\/v2\/types\/page"}],"author":[{"embeddable":true,"href":"https:\/\/www.logtravi.com\/ca\/wp-json\/wp\/v2\/users\/1"}],"replies":[{"embeddable":true,"href":"https:\/\/www.logtravi.com\/ca\/wp-json\/wp\/v2\/comments?post=82871"}],"version-history":[{"count":2,"href":"https:\/\/www.logtravi.com\/ca\/wp-json\/wp\/v2\/pages\/82871\/revisions"}],"predecessor-version":[{"id":82886,"href":"https:\/\/www.logtravi.com\/ca\/wp-json\/wp\/v2\/pages\/82871\/revisions\/82886"}],"wp:attachment":[{"href":"https:\/\/www.logtravi.com\/ca\/wp-json\/wp\/v2\/media?parent=82871"}],"curies":[{"name":"wp","href":"https:\/\/api.w.org\/{rel}","templated":true}]}}