{"id":82874,"date":"2020-10-19T18:57:28","date_gmt":"2020-10-19T16:57:28","guid":{"rendered":"https:\/\/www.logtravi.com\/logistica\/"},"modified":"2021-02-26T19:07:36","modified_gmt":"2021-02-26T17:07:36","slug":"logistica","status":"publish","type":"page","link":"https:\/\/www.logtravi.com\/ca\/logistica\/","title":{"rendered":"Log\u00edstica"},"content":{"rendered":"<div class=\"wpb-content-wrapper\"><p>[vc_row][vc_column width=&#8221;1\/1&#8243;][vc_custom_heading]Instal\u00b7lacions Logtravi[\/vc_custom_heading][vc_column_text]Les instal\u00b7lacions centrals de Logtravi a la localitat barcelonina de Sant Esteve Sesrovires, compten amb m\u00e9s de 4.000 m2 de campes i 1.400 m2 de magatzems.<\/p>\n<p>Les seves instal\u00b7lacions operatives es situen a Abrera (Barcelona), 11.200 m2 de magatzems es destinen a la gesti\u00f3 log\u00edstica i 4.000 m2 de campes a la base de la flota pr\u00f2pia de vehicles.<\/p>\n<p>T\u00fanel de rentat, c\u00e0meres de v\u00eddeo vigil\u00e0ncia, sortidors de gasoil, molls niu per a l&#8217;atracament de tot tipus de vehicles i tots els serveis propis de la seva activitat.[\/vc_column_text][\/vc_column][\/vc_row][vc_row][vc_column width=&#8221;1\/3&#8243;][vc_single_image media=&#8221;82688&#8243; media_width_percent=&#8221;100&#8243;][vc_custom_heading]Servei Motocicleta[\/vc_custom_heading][vc_column_text]Logtravi est\u00e0 especialitzat en <strong>log\u00edstica<\/strong> de les <strong>motocicletes<\/strong>, per\u00f2 tamb\u00e9 realitza activitat en altres segments de mercat com el de la log\u00edstica de l&#8217;automoci\u00f3, alimentaci\u00f3 o editorial, entre d&#8217;altres.[\/vc_column_text][\/vc_column][vc_column width=&#8221;1\/3&#8243;][vc_single_image media=&#8221;82689&#8243; media_width_percent=&#8221;100&#8243;][vc_custom_heading]Emmagatzematge[\/vc_custom_heading][vc_column_text]Com a <strong>operador log\u00edstic<\/strong> nacional, porta m\u00e9s d&#8217;una d\u00e8cada en el mercat i gestiona en els seus magatzems de m\u00e9s de 20.000 m2 situats a Barcelona, una mitjana de 14.000 paletes emmagatzemades.[\/vc_column_text][\/vc_column][vc_column width=&#8221;1\/3&#8243;][vc_single_image media=&#8221;82690&#8243; media_width_percent=&#8221;100&#8243;][vc_custom_heading]Distribuci\u00f3[\/vc_custom_heading][vc_column_text]Actualment, mou 100 camions a el dia, efectua expedicions di\u00e0ries de <strong>distribuci\u00f3<\/strong> a Espanya i Portugal, ofereix gesti\u00f3 d&#8217;estocs, preparaci\u00f3 de comandes, picking selectiu de materials, etc.[\/vc_column_text][\/vc_column][\/vc_row][vc_row][vc_column width=&#8221;1\/1&#8243;][\/vc_column][\/vc_row]<\/p>\n<\/div>","protected":false},"excerpt":{"rendered":"<p>[vc_row][vc_column width=&#8221;1\/1&#8243;][vc_custom_heading]Instal\u00b7lacions Logtravi[\/vc_custom_heading][vc_column_text]Les instal\u00b7lacions centrals de Logtravi a la localitat barcelonina de Sant Esteve Sesrovires, compten amb m\u00e9s de 4.000 [&hellip;]<\/p>\n","protected":false},"author":1,"featured_media":0,"parent":0,"menu_order":0,"comment_status":"closed","ping_status":"closed","template":"","meta":{"footnotes":""},"class_list":["post-82874","page","type-page","status-publish","hentry"],"_links":{"self":[{"href":"https:\/\/www.logtravi.com\/ca\/wp-json\/wp\/v2\/pages\/82874","targetHints":{"allow":["GET"]}}],"collection":[{"href":"https:\/\/www.logtravi.com\/ca\/wp-json\/wp\/v2\/pages"}],"about":[{"href":"https:\/\/www.logtravi.com\/ca\/wp-json\/wp\/v2\/types\/page"}],"author":[{"embeddable":true,"href":"https:\/\/www.logtravi.com\/ca\/wp-json\/wp\/v2\/users\/1"}],"replies":[{"embeddable":true,"href":"https:\/\/www.logtravi.com\/ca\/wp-json\/wp\/v2\/comments?post=82874"}],"version-history":[{"count":1,"href":"https:\/\/www.logtravi.com\/ca\/wp-json\/wp\/v2\/pages\/82874\/revisions"}],"predecessor-version":[{"id":82889,"href":"https:\/\/www.logtravi.com\/ca\/wp-json\/wp\/v2\/pages\/82874\/revisions\/82889"}],"wp:attachment":[{"href":"https:\/\/www.logtravi.com\/ca\/wp-json\/wp\/v2\/media?parent=82874"}],"curies":[{"name":"wp","href":"https:\/\/api.w.org\/{rel}","templated":true}]}}