{"id":82879,"date":"2020-10-19T18:58:20","date_gmt":"2020-10-19T16:58:20","guid":{"rendered":"https:\/\/www.logtravi.com\/motocicletas\/"},"modified":"2021-03-08T21:04:44","modified_gmt":"2021-03-08T19:04:44","slug":"motocicletes","status":"publish","type":"page","link":"https:\/\/www.logtravi.com\/ca\/motocicletes\/","title":{"rendered":"Motocicletes"},"content":{"rendered":"<div class=\"wpb-content-wrapper\"><p>[vc_row][vc_column width=&#8221;1\/1&#8243;][vc_custom_heading]Transport de motocicletes[\/vc_custom_heading][\/vc_column][\/vc_row][vc_row][vc_column width=&#8221;1\/3&#8243;][vc_single_image media=&#8221;82688&#8243; media_width_percent=&#8221;100&#8243;][vc_custom_heading]Transport de Motos[\/vc_custom_heading][vc_column_text]Logtravi est\u00e0 especialitzat en el sector de l&#8217;emmagatzematge, distribuci\u00f3 i transport de motocicletes per tot Espanya i Europa. Disposem de tot tipus de furgonetes i camions condicionats per al transport de motocicletes.[\/vc_column_text][\/vc_column][vc_column width=&#8221;1\/3&#8243;][vc_single_image media=&#8221;82731&#8243; media_width_percent=&#8221;100&#8243;][vc_custom_heading]Agencia de Transport de Motos[\/vc_custom_heading][vc_column_text]Amb el nostre servei de transport de motocicletes garantim els preus m\u00e9s competitius del mercat, els terminis de lliurament m\u00e9s r\u00e0pids, de porta a porta i sense l&#8217;espera de les rutes del transport convencional.[\/vc_column_text][\/vc_column][vc_column width=&#8221;1\/3&#8243;][vc_single_image media=&#8221;82730&#8243; media_width_percent=&#8221;100&#8243;][vc_custom_heading]Emmagatzematge i Distribuci\u00f3 de Motocicletes[\/vc_custom_heading][vc_column_text]El nostre personal compta amb una gran experi\u00e8ncia en la c\u00e0rrega, desc\u00e0rrega i enviament de motocicletes. Disposem de rutes di\u00e0ries per tota Espanya, i rutes setmanals de transport de motos per Europa.[\/vc_column_text][\/vc_column][\/vc_row][vc_row][vc_column width=&#8221;1\/3&#8243;][vc_single_image media=&#8221;82688&#8243; media_width_percent=&#8221;100&#8243;][vc_custom_heading]Servei de Grua[\/vc_custom_heading][vc_column_text]Trasllat de motocicletes avariades o accidentades des de i a qualsevol punt de Catalunya.[\/vc_column_text][\/vc_column][vc_column width=&#8221;1\/3&#8243;][vc_single_image media=&#8221;82688&#8243; media_width_percent=&#8221;100&#8243;][vc_custom_heading]Servei a Particulars[\/vc_custom_heading][vc_column_text]Trasllat de Motocicletes des de i a qualsevol punt d&#8217;Espanya.[\/vc_column_text][\/vc_column][vc_column width=&#8221;1\/3&#8243;][\/vc_column][\/vc_row][vc_row][vc_column width=&#8221;1\/1&#8243;][\/vc_column][\/vc_row]<\/p>\n<\/div>","protected":false},"excerpt":{"rendered":"<p>[vc_row][vc_column width=&#8221;1\/1&#8243;][vc_custom_heading]Transport de motocicletes[\/vc_custom_heading][\/vc_column][\/vc_row][vc_row][vc_column width=&#8221;1\/3&#8243;][vc_single_image media=&#8221;82688&#8243; media_width_percent=&#8221;100&#8243;][vc_custom_heading]Transport de Motos[\/vc_custom_heading][vc_column_text]Logtravi est\u00e0 especialitzat en el sector de l&#8217;emmagatzematge, distribuci\u00f3 i transport de [&hellip;]<\/p>\n","protected":false},"author":1,"featured_media":0,"parent":0,"menu_order":0,"comment_status":"closed","ping_status":"closed","template":"","meta":{"footnotes":""},"class_list":["post-82879","page","type-page","status-publish","hentry"],"_links":{"self":[{"href":"https:\/\/www.logtravi.com\/ca\/wp-json\/wp\/v2\/pages\/82879","targetHints":{"allow":["GET"]}}],"collection":[{"href":"https:\/\/www.logtravi.com\/ca\/wp-json\/wp\/v2\/pages"}],"about":[{"href":"https:\/\/www.logtravi.com\/ca\/wp-json\/wp\/v2\/types\/page"}],"author":[{"embeddable":true,"href":"https:\/\/www.logtravi.com\/ca\/wp-json\/wp\/v2\/users\/1"}],"replies":[{"embeddable":true,"href":"https:\/\/www.logtravi.com\/ca\/wp-json\/wp\/v2\/comments?post=82879"}],"version-history":[{"count":3,"href":"https:\/\/www.logtravi.com\/ca\/wp-json\/wp\/v2\/pages\/82879\/revisions"}],"predecessor-version":[{"id":82924,"href":"https:\/\/www.logtravi.com\/ca\/wp-json\/wp\/v2\/pages\/82879\/revisions\/82924"}],"wp:attachment":[{"href":"https:\/\/www.logtravi.com\/ca\/wp-json\/wp\/v2\/media?parent=82879"}],"curies":[{"name":"wp","href":"https:\/\/api.w.org\/{rel}","templated":true}]}}