{"id":82959,"date":"2015-06-26T11:33:18","date_gmt":"2015-06-26T09:33:18","guid":{"rendered":"https:\/\/www.logtravi.com\/politica-de-calidad\/"},"modified":"2023-05-24T10:39:20","modified_gmt":"2023-05-24T09:39:20","slug":"politica-de-qualitat","status":"publish","type":"page","link":"https:\/\/www.logtravi.com\/ca\/politica-de-qualitat\/","title":{"rendered":"Pol\u00edtica de Qualitat"},"content":{"rendered":"<p><strong>LOGTRAVI, S.L.<\/strong> orienta la seva Pol\u00edtica de Qualitat en la millora cont\u00ednua del nostre Sistema de Gesti\u00f3 de Qualitat per tal de garantir que els serveis de transport nacional i internacional per carretera, transport de motocicletes i JIT que prestem satisfacin i generin confian\u00e7a en els nostres clients mitjan\u00e7ant el compliment dels requeriments sol\u00b7licitats.<\/p>\n<p>Per aix\u00f2, \u00e9s primordial l&#8217;atenci\u00f3 personalitzada als nostres clients i parts interessades, el compliment dels terminis de lliurament pactats i assegurar la qualitat dels nostres serveis durant el proc\u00e9s de c\u00e0rrega, transport i entrega.<\/p>\n<p>Per a nosaltres, la figura del client no nom\u00e9s es concreta al client extern, sin\u00f3 tamb\u00e9 al client intern, \u00e9s a dir, els mateixos departaments de l&#8217;empresa. Aix\u00f2 vol dir que les relacions entre els diferents departaments han de funcionar com un sistema prove\u00efdor-client que ens porti a tots a treballar en equip per a la consecuci\u00f3 dels nostres objectius.<\/p>\n<p>\u00c9s voluntat de <strong>LOGTRAVI, S.L.<\/strong> i estableix com a objectius generals:<\/p>\n<ul>\n<li>Satisfer plenament els requeriments dels nostres clients i parts interessades sobre la base de con\u00e8ixer les seves necessitats.<\/li>\n<li>Promoure la formaci\u00f3, motivaci\u00f3 i desenvolupament del nostre personal, garantint que puguin reubicar-se en diferents tasques a la pr\u00f2pia empresa.<\/li>\n<li>Generar Accions correctores i\/o preventives necess\u00e0ries per assolir la millora cont\u00ednua del Sistema.<\/li>\n<li>Tractar amb la m\u00e0xima rapidesa les Reclamacions per part dels nostres Clients.<\/li>\n<li>Vetllar per la disminuci\u00f3 dels riscos en el desenvolupament de la nostra activitat, siguin laborals, econ\u00f2mics, financers, de producci\u00f3 o de gesti\u00f3.<\/li>\n<li>Respectar a la nostra central i als nostres transports l&#8217;efici\u00e8ncia energ\u00e8tica en ruta.<\/li>\n<li>Mantenir-nos com a empresa actualitzats pel que fa als aven\u00e7os tecnol\u00f2gics i de comunicaci\u00f3 global i als problemes sanitaris pand\u00e8mics.<\/li>\n<\/ul>\n<p>S&#8217;aplicaran principis i pr\u00e0ctiques de gesti\u00f3 per dur a terme aquests compromisos i assolir uns objectius exigents i accessibles.<\/p>\n<p>Anualment, la Direcci\u00f3 revisa aquesta pol\u00edtica i fixa i revisa els objectius concrets d&#8217;acord amb aquesta pol\u00edtica i determina els recursos (humans, formatius, materials, etc&#8230;) necessaris per aconseguir-los.<\/p>\n<p>La Direcci\u00f3, com a m\u00e0xim representant de <strong>LOGTRAVI, S.L.<\/strong> adquireix el comprom\u00eds que la pol\u00edtica descrita en aquest cap\u00edtol sigui duta a terme i es comuniqui a tots els estaments de l&#8217;empresa implicats, a la revisi\u00f3 vigent.<\/p>\n<p>La pol\u00edtica de <strong>LOGTRAVI, S.L.<\/strong> est\u00e0 totalment a la disposici\u00f3 de qui la sol\u00b7liciti i visible a les nostres depend\u00e8ncies.<\/p>\n<p>La Direcci\u00f3<\/p>\n","protected":false},"excerpt":{"rendered":"<p>LOGTRAVI, S.L. orienta la seva Pol\u00edtica de Qualitat en la millora cont\u00ednua del nostre Sistema de Gesti\u00f3 de Qualitat per [&hellip;]<\/p>\n","protected":false},"author":1,"featured_media":0,"parent":0,"menu_order":0,"comment_status":"closed","ping_status":"closed","template":"","meta":{"footnotes":""},"class_list":["post-82959","page","type-page","status-publish","hentry"],"_links":{"self":[{"href":"https:\/\/www.logtravi.com\/ca\/wp-json\/wp\/v2\/pages\/82959","targetHints":{"allow":["GET"]}}],"collection":[{"href":"https:\/\/www.logtravi.com\/ca\/wp-json\/wp\/v2\/pages"}],"about":[{"href":"https:\/\/www.logtravi.com\/ca\/wp-json\/wp\/v2\/types\/page"}],"author":[{"embeddable":true,"href":"https:\/\/www.logtravi.com\/ca\/wp-json\/wp\/v2\/users\/1"}],"replies":[{"embeddable":true,"href":"https:\/\/www.logtravi.com\/ca\/wp-json\/wp\/v2\/comments?post=82959"}],"version-history":[{"count":4,"href":"https:\/\/www.logtravi.com\/ca\/wp-json\/wp\/v2\/pages\/82959\/revisions"}],"predecessor-version":[{"id":83286,"href":"https:\/\/www.logtravi.com\/ca\/wp-json\/wp\/v2\/pages\/82959\/revisions\/83286"}],"wp:attachment":[{"href":"https:\/\/www.logtravi.com\/ca\/wp-json\/wp\/v2\/media?parent=82959"}],"curies":[{"name":"wp","href":"https:\/\/api.w.org\/{rel}","templated":true}]}}